{"id":77,"date":"2015-10-15T20:52:30","date_gmt":"2015-10-15T18:52:30","guid":{"rendered":"http:\/\/tellig.be\/?page_id=77"},"modified":"2015-11-11T08:58:25","modified_gmt":"2015-11-11T07:58:25","slug":"tellig","status":"publish","type":"page","link":"https:\/\/www.tellig.be\/?page_id=77","title":{"rendered":"Mon dessin, du d\u00e9but \u00e0 la fin&#8230;"},"content":{"rendered":"<p>Comment mon dessin \u00e9volue-t-il? Lisez ceci&#8230;<\/p>\n<p>&nbsp;<\/p>\n<p><span style=\"text-decoration: underline;\">Premi\u00e8re \u00e9tape<\/span><\/p>\n<p>Mon dessin na\u00eet d&rsquo;une id\u00e9e, d&rsquo;un besoin, d&rsquo;une envie,&#8230;<\/p>\n<p>&nbsp;<\/p>\n<p><span style=\"text-decoration: underline;\">Deuxi\u00e8me \u00e9tape <\/span><\/p>\n<p>Je saisis mon crayon et commence un petit trait fin qui deviendra grand, mais toujours fin. En cas de rature, je m&#8217;empare de ma gomme et efface tout ce qui doit \u00eatre supprim\u00e9 (logique!).<\/p>\n<p>&nbsp;<\/p>\n<p><span style=\"text-decoration: underline;\">Troisi\u00e8me \u00e9tape<span style=\"color: #339966;\">-facultative<\/span><\/span><\/p>\n<p>Je repasse \u00e9ventuellement plus fort avec mon crayon pour modifier quelques endroits et rendre les traits plus net.<\/p>\n<p>&nbsp;<\/p>\n<p><span style=\"text-decoration: underline;\">Quatri\u00e8me \u00e9tape<\/span><\/p>\n<p>Je repasse sur mes traits au feutre noir ou \u00e0 l&rsquo;encre de Chine pour faire ressortir le dessin.<\/p>\n<p>&nbsp;<\/p>\n<p><span style=\"text-decoration: underline;\">Cinqui\u00e8me \u00e9tape<span style=\"color: #339966;\">-facultative<\/span><\/span><\/p>\n<p>Je rajoute, toujours au feutre, des ombrages \u00e0 certains endroits pour donner du relief au dessin.<\/p>\n<p>&nbsp;<\/p>\n<p><span style=\"text-decoration: underline;\">Sixi\u00e8me \u00e9tape<span style=\"color: #339966;\">-facultative<\/span><\/span><\/p>\n<p>Je mets en couleurs mon dessin avec des marqueurs \u00e0 l&rsquo;alcool, ce qui me permet de mettre en \u00e9vidence de l&rsquo;ombre en passant plusieurs fois avec la couleur.<\/p>\n<p>&nbsp;<\/p>\n<p><span style=\"text-decoration: underline;\">Septi\u00e8me \u00e9tape<\/span><\/p>\n<p>Je signe !<\/p>\n<p>&nbsp;<\/p>\n","protected":false},"excerpt":{"rendered":"<p>Comment mon dessin \u00e9volue-t-il? Lisez ceci&#8230;<\/p>\n","protected":false},"author":2,"featured_media":55,"parent":0,"menu_order":0,"comment_status":"closed","ping_status":"closed","template":"","meta":{"footnotes":""},"_links":{"self":[{"href":"https:\/\/www.tellig.be\/index.php?rest_route=\/wp\/v2\/pages\/77"}],"collection":[{"href":"https:\/\/www.tellig.be\/index.php?rest_route=\/wp\/v2\/pages"}],"about":[{"href":"https:\/\/www.tellig.be\/index.php?rest_route=\/wp\/v2\/types\/page"}],"author":[{"embeddable":true,"href":"https:\/\/www.tellig.be\/index.php?rest_route=\/wp\/v2\/users\/2"}],"replies":[{"embeddable":true,"href":"https:\/\/www.tellig.be\/index.php?rest_route=%2Fwp%2Fv2%2Fcomments&post=77"}],"version-history":[{"count":16,"href":"https:\/\/www.tellig.be\/index.php?rest_route=\/wp\/v2\/pages\/77\/revisions"}],"predecessor-version":[{"id":111,"href":"https:\/\/www.tellig.be\/index.php?rest_route=\/wp\/v2\/pages\/77\/revisions\/111"}],"wp:featuredmedia":[{"embeddable":true,"href":"https:\/\/www.tellig.be\/index.php?rest_route=\/wp\/v2\/media\/55"}],"wp:attachment":[{"href":"https:\/\/www.tellig.be\/index.php?rest_route=%2Fwp%2Fv2%2Fmedia&parent=77"}],"curies":[{"name":"wp","href":"https:\/\/api.w.org\/{rel}","templated":true}]}}