{"id":86,"date":"2015-10-24T16:23:49","date_gmt":"2015-10-24T14:23:49","guid":{"rendered":"http:\/\/tellig.be\/?page_id=86"},"modified":"2015-12-16T10:52:16","modified_gmt":"2015-12-16T09:52:16","slug":"ma-bd-du-debut-a-la-fin","status":"publish","type":"page","link":"https:\/\/www.tellig.be\/?page_id=86","title":{"rendered":"Ma BD, du d\u00e9but \u00e0 la fin&#8230;"},"content":{"rendered":"<p>Comment ma BD \u00e9volue-t-elle? Lisez ceci&#8230;<\/p>\n<p>&nbsp;<\/p>\n<p><span style=\"text-decoration: underline;\">Premi\u00e8re \u00e9tape<\/span><\/p>\n<p>Ma BD na\u00eet d&rsquo;une id\u00e9e, parfois en cogitant, parfois comme \u00e7a.<\/p>\n<p>&nbsp;<\/p>\n<p><span style=\"text-decoration: underline;\">Deuxi\u00e8me \u00e9tape<\/span><\/p>\n<p>J&rsquo;\u00e9cris le sc\u00e9nario dans mon carnet, pour ne pas l&rsquo;oublier.<\/p>\n<p>&nbsp;<\/p>\n<p><span style=\"text-decoration: underline;\">Troisi\u00e8me \u00e9tape<\/span><\/p>\n<p>Comme brouillon, je dessine mon strip de la m\u00eame fa\u00e7on que pour le dessin, mais en tra\u00e7ant approximativement les cases et contours.<\/p>\n<p>&nbsp;<\/p>\n<p><span style=\"text-decoration: underline;\">Quatri\u00e8me \u00e9tape<\/span><\/p>\n<p>Le brouillon achev\u00e9, je m&rsquo;attaque aux contours du dessin. Je sors ma table lumineuse et d\u00e9calque avec mon feutre noir tout en am\u00e9liorant mon dessin (je trace\u00a0 aussi les cases d\u00e9finitives avec une \u00e9querre). J&rsquo;ajoute \u00e9ventuellement des ombres.<\/p>\n<p>&nbsp;<\/p>\n<p><span style=\"text-decoration: underline;\">Cinqui\u00e8me \u00e9tape<\/span><\/p>\n<p>Je commence la mise en couleur; muni de mes Promarkers (voir \u00ab\u00a0mon mat\u00e9riel\u00a0\u00bb), j&rsquo;illumine mon dessin de couleurs les plus belles les une que les autres !<\/p>\n<p>&nbsp;<\/p>\n<p><span style=\"text-decoration: underline;\">Sixi\u00e8me \u00e9tape<\/span><\/p>\n<p>Je signe.<\/p>\n<p>&nbsp;<\/p>\n<p>&nbsp;<\/p>\n","protected":false},"excerpt":{"rendered":"<p>Comment ma BD \u00e9volue-t-elle? Lisez ceci&#8230;<\/p>\n","protected":false},"author":2,"featured_media":57,"parent":0,"menu_order":0,"comment_status":"closed","ping_status":"closed","template":"","meta":{"footnotes":""},"_links":{"self":[{"href":"https:\/\/www.tellig.be\/index.php?rest_route=\/wp\/v2\/pages\/86"}],"collection":[{"href":"https:\/\/www.tellig.be\/index.php?rest_route=\/wp\/v2\/pages"}],"about":[{"href":"https:\/\/www.tellig.be\/index.php?rest_route=\/wp\/v2\/types\/page"}],"author":[{"embeddable":true,"href":"https:\/\/www.tellig.be\/index.php?rest_route=\/wp\/v2\/users\/2"}],"replies":[{"embeddable":true,"href":"https:\/\/www.tellig.be\/index.php?rest_route=%2Fwp%2Fv2%2Fcomments&post=86"}],"version-history":[{"count":4,"href":"https:\/\/www.tellig.be\/index.php?rest_route=\/wp\/v2\/pages\/86\/revisions"}],"predecessor-version":[{"id":112,"href":"https:\/\/www.tellig.be\/index.php?rest_route=\/wp\/v2\/pages\/86\/revisions\/112"}],"wp:featuredmedia":[{"embeddable":true,"href":"https:\/\/www.tellig.be\/index.php?rest_route=\/wp\/v2\/media\/57"}],"wp:attachment":[{"href":"https:\/\/www.tellig.be\/index.php?rest_route=%2Fwp%2Fv2%2Fmedia&parent=86"}],"curies":[{"name":"wp","href":"https:\/\/api.w.org\/{rel}","templated":true}]}}